{"id":65,"date":"2014-08-25T14:08:41","date_gmt":"2014-08-25T14:08:41","guid":{"rendered":"http:\/\/192.168.1.104\/enfold-photography\/?page_id=2"},"modified":"2017-01-10T12:03:01","modified_gmt":"2017-01-10T12:03:01","slug":"frontpage","status":"publish","type":"page","link":"https:\/\/petraboukalova.cz\/domains\/petraboukalova.cz\/","title":{"rendered":"Frontpage"},"content":{"rendered":"<div   class='avia-fullscreen-slider main_color   avia-builder-el-0  avia-builder-el-no-sibling  container_wrap fullsize'  >\n<style type=\"text\/css\" data-created_by=\"avia_inline_auto\" id=\"style-css-av-av_fullscreen-e06e5b08a86c9cb990c4500f6d203a58\">\n#top #wrap_all .avia-slideshow .av-slideshow-caption.av-av_fullscreen-e06e5b08a86c9cb990c4500f6d203a58__0 .avia-caption-title{\nfont-size:70px;\ncolor:#dbdbdb;\n}\n#top .avia-slideshow .av-slideshow-caption.av-av_fullscreen-e06e5b08a86c9cb990c4500f6d203a58__0 .avia-caption-content{\nfont-size:22px;\ncolor:#719430;\n}\n#top .avia-slideshow .av-slideshow-caption.av-av_fullscreen-e06e5b08a86c9cb990c4500f6d203a58__0 .avia-caption-content p{\nfont-size:22px;\n}\n<\/style>\n<div  class='avia-slideshow av-av_fullscreen-e06e5b08a86c9cb990c4500f6d203a58 avia-slideshow-no scaling av_fullscreen avia-fade-slider av-slideshow-ui av-control-hidden av-no-slider-navigation av-hide-nav-arrows av-slideshow-autoplay av-loop-endless av-loop-manual-endless av-default-height-applied   avia-slideshow-1' data-slideshow-options=\"{&quot;animation&quot;:&quot;fade&quot;,&quot;autoplay&quot;:true,&quot;loop_autoplay&quot;:&quot;endless&quot;,&quot;interval&quot;:3,&quot;loop_manual&quot;:&quot;manual-endless&quot;,&quot;autoplay_stopper&quot;:false,&quot;noNavigation&quot;:true,&quot;bg_slider&quot;:true,&quot;keep_padding&quot;:false,&quot;hoverpause&quot;:false,&quot;show_slide_delay&quot;:0,&quot;slide_height&quot;:&quot;100&quot;,&quot;image_attachment&quot;:&quot;&quot;}\"  itemprop=\"image\" itemscope=\"itemscope\" itemtype=\"https:\/\/schema.org\/ImageObject\" ><ul class='avia-slideshow-inner ' style='padding-bottom: 60%;'><li style='background-position:center center;' data-img-url='https:\/\/petraboukalova.cz\/domains\/petraboukalova.cz\/wp-content\/uploads\/2014\/08\/titul_novy3.jpg' class='avia-slideshow-slide av-av_fullscreen-e06e5b08a86c9cb990c4500f6d203a58__0  av-single-slide slide-1 slide-odd'><div data-rel='slideshow-1' class='avia-slide-wrap '   ><\/div><\/li><\/ul><div class='av-slideshow-caption av-av_fullscreen-e06e5b08a86c9cb990c4500f6d203a58__0 caption_fullwidth caption_left'><div class=\"container caption_container\"><div class=\"slideshow_caption\"><div class=\"slideshow_inner_caption\"><div class=\"slideshow_align_caption\"><div class='avia-caption-content av_inherit_color'  itemprop=\"description\" ><p>To je m\u00e1 galerie obraz\u016f&#8230;<br \/>\nPokud se V\u00e1m n\u011bkter\u00e9 l\u00edb\u00ed, napi\u0161te<\/p>\n<\/div><\/div><\/div><\/div><\/div><\/div><\/div><\/div>\n","protected":false},"excerpt":{"rendered":"","protected":false},"author":1,"featured_media":0,"parent":0,"menu_order":0,"comment_status":"open","ping_status":"open","template":"","meta":{"footnotes":""},"class_list":["post-65","page","type-page","status-publish","hentry"],"_links":{"self":[{"href":"https:\/\/petraboukalova.cz\/domains\/petraboukalova.cz\/wp-json\/wp\/v2\/pages\/65","targetHints":{"allow":["GET"]}}],"collection":[{"href":"https:\/\/petraboukalova.cz\/domains\/petraboukalova.cz\/wp-json\/wp\/v2\/pages"}],"about":[{"href":"https:\/\/petraboukalova.cz\/domains\/petraboukalova.cz\/wp-json\/wp\/v2\/types\/page"}],"author":[{"embeddable":true,"href":"https:\/\/petraboukalova.cz\/domains\/petraboukalova.cz\/wp-json\/wp\/v2\/users\/1"}],"replies":[{"embeddable":true,"href":"https:\/\/petraboukalova.cz\/domains\/petraboukalova.cz\/wp-json\/wp\/v2\/comments?post=65"}],"version-history":[{"count":19,"href":"https:\/\/petraboukalova.cz\/domains\/petraboukalova.cz\/wp-json\/wp\/v2\/pages\/65\/revisions"}],"predecessor-version":[{"id":1433,"href":"https:\/\/petraboukalova.cz\/domains\/petraboukalova.cz\/wp-json\/wp\/v2\/pages\/65\/revisions\/1433"}],"wp:attachment":[{"href":"https:\/\/petraboukalova.cz\/domains\/petraboukalova.cz\/wp-json\/wp\/v2\/media?parent=65"}],"curies":[{"name":"wp","href":"https:\/\/api.w.org\/{rel}","templated":true}]}}